{"id":1874,"date":"2022-10-13T07:03:57","date_gmt":"2022-10-13T07:03:57","guid":{"rendered":"https:\/\/viaetica.org\/?page_id=1874"},"modified":"2022-10-29T14:17:56","modified_gmt":"2022-10-29T14:17:56","slug":"gruppo-cimpunda","status":"publish","type":"page","link":"https:\/\/viaetica.org\/index.php\/gruppo-cimpunda\/","title":{"rendered":"Gruppo Cimpunda"},"content":{"rendered":"<p>[vc_row][vc_column][vc_column_text]<strong>VIA ETICA<\/strong> collabora ORGOGLIOSAMENTE fin dalla sua fondazione con il <strong>GRUPPO CIMPUNDA DEL LICEO SCIENTIFICO \u201cN.<\/strong> <strong>COPERNICO\u201c <\/strong>di Brescia.<\/p>\n<p><strong>CIMPUNDA<\/strong> \u00e8 un gruppo fondato nel 2010 e composto da alunni e insegnanti del <strong>LICEO COPERNICO di Brescia,<\/strong> il cui scopo \u00e8 promuovere e organizzare attivit\u00e0 di volontariato in ambito scolastico e proporre ai ragazzi la partecipazione a attivit\u00e0 della stessa natura anche esternamente alla scuola. L\u2019obiettivo \u00e8 far crescere nei componenti del gruppo la consapevolezza che, accanto alla situazione di privilegio nella quale viviamo, esiste un mondo di bisogno e di povert\u00e0 a cui siamo obbligati moralmente a prestare attenzione. Le attivit\u00e0 sono molteplici e vanno da \u201c<strong>OPERAZIONE FREDDO<\/strong>\u201d il cui obiettivo \u00e8 cucinare e portare la cena ai senza fissa dimora ospiti della casa famiglia di Via Marchetti a Brescia; al<strong> DOPOSCUOLA<\/strong> presso gli oratori di <strong>S.MARIA IN SILVA e di S.FAUSTINO<\/strong>; alla raccolta di abiti e cibo; alla vendita di panettoni a Natale, uova pasquali a Pasqua\u00a0 e di caramelle\u00a0 durante le Giornate Aperte e la festa di fine anno scolastico.\u00a0 Il ricavato di queste attivit\u00e0 \u00e8 stato usato in passato per l\u2019acquisto di supporti educativi destinati alla<strong> SCUOLA<\/strong> <strong>di CIMPUNDA <\/strong>(quartiere di <strong>Bukavu in Congo<\/strong>) sotto forma di materiale didattico (libri, quaderni, matite, computer etc.). Attualmente i fondi raccolti vengono utilizzati per finanziare progetti di sostegno e sviluppo in collaborazione con VIAETICA ETS i cui beneficiari sono l\u2019orfanatrofio <strong>MERU CHILDRENS HOME<\/strong> a <strong>Nkabune (Kenya)<\/strong> e <strong>UMOJA VILLAGE<\/strong> ad <strong>Acher\u2019s Post (Kenya)<\/strong> un villaggio creato da gruppo di donne che, in seguito alle violenze famigliari subite, hanno scelto di costituire una comunit\u00e0 di aiuto e sostegno reciproco. Oltre a ci\u00f2 il Gruppo Cimpunda finanzia in toto l\u2019istruzione e il sostentamento di 5 ragazzi kenyoti: <strong>Mark, David, Lechaan, Salma e Brandy.<\/strong> Da alcuni anni, alunni del Liceo Copernico accompagnati da due insegnanti soggiornano durante l\u2019estate per 15 giorni in Kenya presso l\u2019orfanatrofio MERU CHILDRENS HOME e presso UMOJA VILLAGE, aiutando ad accudire i bimbi e promuovendo attivit\u00e0 educative e ludiche. Il numero dei partecipanti al progetto \u00e8 cresciuto sensibilmente di anno in anno raggiungendo nell\u2019anno scolastico 2021-2022 la ragguardevole cifra di 87 alunni e 7 insegnanti.[\/vc_column_text][\/vc_column][\/vc_row]<\/p>\n<p>&nbsp;<\/p>\n<style id=\"bwg-style-0\">    #bwg_container1_0 #bwg_container2_0 .bwg-container-0.bwg-standard-thumbnails {      width: 1254px;              justify-content: center;        margin:0 auto !important;              background-color: rgba(255, 255, 255, 0.00);            padding-left: 4px;      padding-top: 4px;      max-width: 100%;            }        #bwg_container1_0 #bwg_container2_0 .bwg-container-0.bwg-standard-thumbnails .bwg-item {    justify-content: flex-start;      max-width: 250px;          }    #bwg_container1_0 #bwg_container2_0 .bwg-container-0.bwg-standard-thumbnails .bwg-item a {       margin-right: 4px;       margin-bottom: 4px;    }    #bwg_container1_0 #bwg_container2_0 .bwg-container-0.bwg-standard-thumbnails .bwg-item0 {      padding: 0px;            background-color:rgba(0,0,0, 0.30);      border: 0px none #CCCCCC;      opacity: 1.00;      border-radius: 0;      box-shadow: ;    }    #bwg_container1_0 #bwg_container2_0 .bwg-container-0.bwg-standard-thumbnails .bwg-item1 img {      max-height: none;      max-width: none;      padding: 0 !important;    }         @media only screen and (min-width: 480px) {\t\t#bwg_container1_0 #bwg_container2_0 .bwg-container-0.bwg-standard-thumbnails .bwg-item1 img {\t\t\t-webkit-transition: all .3s; transition: all .3s;\t\t}\t\t#bwg_container1_0 #bwg_container2_0 .bwg-container-0.bwg-standard-thumbnails .bwg-item1 img:hover {\t\t\t-ms-transform: scale(1.08);\t\t\t-webkit-transform: scale(1.08);\t\t\ttransform: scale(1.08);\t\t}\t\t      }\t    #bwg_container1_0 #bwg_container2_0 .bwg-container-0.bwg-standard-thumbnails .bwg-item1 {      padding-top: 56%;    }        #bwg_container1_0 #bwg_container2_0 .bwg-container-0.bwg-standard-thumbnails .bwg-title2,    #bwg_container1_0 #bwg_container2_0 .bwg-container-0.bwg-standard-thumbnails .bwg-ecommerce2 {      color: #323A45;      font-family: Ubuntu;      font-size: 16px;      font-weight: bold;      padding: 2px;      text-shadow: ;      max-height: 100%;    }    #bwg_container1_0 #bwg_container2_0 .bwg-container-0.bwg-standard-thumbnails .bwg-thumb-description span {    color: #323A45;    font-family: Ubuntu;    font-size: 12px;    max-height: 100%;    word-wrap: break-word;    }    #bwg_container1_0 #bwg_container2_0 .bwg-container-0.bwg-standard-thumbnails .bwg-play-icon2 {      font-size: 32px;    }    #bwg_container1_0 #bwg_container2_0 .bwg-container-0.bwg-standard-thumbnails .bwg-ecommerce2 {      font-size: 19.2px;      color: #323A45;    }    <\/style>    <div id=\"bwg_container1_0\"         class=\"bwg_container bwg_thumbnail bwg_thumbnails \"         data-right-click-protection=\"0\"         data-bwg=\"0\"         data-scroll=\"0\"         data-gallery-type=\"thumbnails\"         data-gallery-view-type=\"thumbnails\"         data-current-url=\"\/index.php\/wp-json\/wp\/v2\/pages\/1874\"         data-lightbox-url=\"https:\/\/viaetica.org\/wp-admin\/admin-ajax.php?action=GalleryBox&#038;current_view=0&#038;gallery_id=1&#038;tag=0&#038;theme_id=1&#038;shortcode_id=2&#038;sort_by=order&#038;order_by=asc&#038;current_url=%2Findex.php%2Fwp-json%2Fwp%2Fv2%2Fpages%2F1874\"         data-gallery-id=\"1\"         data-popup-width=\"800\"         data-popup-height=\"500\"         data-is-album=\"gallery\"         data-buttons-position=\"bottom\">      <div id=\"bwg_container2_0\">             <div id=\"ajax_loading_0\" class=\"bwg_loading_div_1\">      <div class=\"bwg_loading_div_2\">        <div class=\"bwg_loading_div_3\">          <div id=\"loading_div_0\" class=\"bwg_spider_ajax_loading\">          <\/div>        <\/div>      <\/div>    <\/div>            <form id=\"gal_front_form_0\"              class=\"bwg-hidden\"              method=\"post\"              action=\"#\"              data-current=\"0\"              data-shortcode-id=\"2\"              data-gallery-type=\"thumbnails\"              data-gallery-id=\"1\"              data-tag=\"0\"              data-album-id=\"0\"              data-theme-id=\"1\"              data-ajax-url=\"https:\/\/viaetica.org\/wp-admin\/admin-ajax.php?action=bwg_frontend_data\">          <div id=\"bwg_container3_0\" class=\"bwg-background bwg-background-0\">                <div data-max-count=\"5\"         data-thumbnail-width=\"250\"         data-bwg=\"0\"         data-gallery-id=\"1\"         data-lightbox-url=\"https:\/\/viaetica.org\/wp-admin\/admin-ajax.php?action=GalleryBox&amp;current_view=0&amp;gallery_id=1&amp;tag=0&amp;theme_id=1&amp;shortcode_id=2&amp;sort_by=order&amp;order_by=asc&amp;current_url=%2Findex.php%2Fwp-json%2Fwp%2Fv2%2Fpages%2F1874\"         id=\"bwg_thumbnails_0\"         class=\"bwg-container-0 bwg-thumbnails bwg-standard-thumbnails bwg-container bwg-border-box\">            <div class=\"bwg-item\">        <a class=\"bwg-a  bwg_lightbox\"  data-image-id=\"1\" href=\"https:\/\/viaetica.org\/wp-content\/uploads\/photo-gallery\/imported_from_media_libray\/WhatsApp-Image-2022-10-11-at-18.09.19-1.jpeg?bwg=1667052778\" data-elementor-open-lightbox=\"no\">                <div class=\"bwg-item0 \">          <div class=\"bwg-item1 \">            <div class=\"bwg-item2\">              <img decoding=\"async\" class=\"skip-lazy bwg_standart_thumb_img_0 \"                   data-id=\"1\"                   data-width=\"500.00\"                   data-height=\"332.00\"                   data-src=\"https:\/\/viaetica.org\/wp-content\/uploads\/photo-gallery\/imported_from_media_libray\/thumb\/WhatsApp-Image-2022-10-11-at-18.09.19-1.jpeg?bwg=1667052778\"                   src=\"https:\/\/viaetica.org\/wp-content\/uploads\/photo-gallery\/imported_from_media_libray\/thumb\/WhatsApp-Image-2022-10-11-at-18.09.19-1.jpeg?bwg=1667052778\"                   alt=\"WhatsApp Image 2022-10-11 at 18.09.19 (1)\"                   title=\"WhatsApp Image 2022-10-11 at 18.09.19 (1)\" \/>            <\/div>            <div class=\"\">                                                      <\/div>          <\/div>        <\/div>                        <\/a>              <\/div>            <div class=\"bwg-item\">        <a class=\"bwg-a  bwg_lightbox\"  data-image-id=\"2\" href=\"https:\/\/viaetica.org\/wp-content\/uploads\/photo-gallery\/imported_from_media_libray\/WhatsApp-Image-2022-10-11-at-18.09.04-2.jpeg?bwg=1667052778\" data-elementor-open-lightbox=\"no\">                <div class=\"bwg-item0 \">          <div class=\"bwg-item1 \">            <div class=\"bwg-item2\">              <img decoding=\"async\" class=\"skip-lazy bwg_standart_thumb_img_0 \"                   data-id=\"2\"                   data-width=\"500.00\"                   data-height=\"332.00\"                   data-src=\"https:\/\/viaetica.org\/wp-content\/uploads\/photo-gallery\/imported_from_media_libray\/thumb\/WhatsApp-Image-2022-10-11-at-18.09.04-2.jpeg?bwg=1667052778\"                   src=\"https:\/\/viaetica.org\/wp-content\/uploads\/photo-gallery\/imported_from_media_libray\/thumb\/WhatsApp-Image-2022-10-11-at-18.09.04-2.jpeg?bwg=1667052778\"                   alt=\"WhatsApp Image 2022-10-11 at 18.09.04\"                   title=\"WhatsApp Image 2022-10-11 at 18.09.04\" \/>            <\/div>            <div class=\"\">                                                      <\/div>          <\/div>        <\/div>                        <\/a>              <\/div>            <div class=\"bwg-item\">        <a class=\"bwg-a  bwg_lightbox\"  data-image-id=\"3\" href=\"https:\/\/viaetica.org\/wp-content\/uploads\/photo-gallery\/imported_from_media_libray\/WhatsApp-Image-2022-10-11-at-18.09.04-1-2.jpeg?bwg=1667052778\" data-elementor-open-lightbox=\"no\">                <div class=\"bwg-item0 \">          <div class=\"bwg-item1 \">            <div class=\"bwg-item2\">              <img decoding=\"async\" class=\"skip-lazy bwg_standart_thumb_img_0 \"                   data-id=\"3\"                   data-width=\"500.00\"                   data-height=\"332.00\"                   data-src=\"https:\/\/viaetica.org\/wp-content\/uploads\/photo-gallery\/imported_from_media_libray\/thumb\/WhatsApp-Image-2022-10-11-at-18.09.04-1-2.jpeg?bwg=1667052778\"                   src=\"https:\/\/viaetica.org\/wp-content\/uploads\/photo-gallery\/imported_from_media_libray\/thumb\/WhatsApp-Image-2022-10-11-at-18.09.04-1-2.jpeg?bwg=1667052778\"                   alt=\"WhatsApp Image 2022-10-11 at 18.09.04 (1)\"                   title=\"WhatsApp Image 2022-10-11 at 18.09.04 (1)\" \/>            <\/div>            <div class=\"\">                                                      <\/div>          <\/div>        <\/div>                        <\/a>              <\/div>            <div class=\"bwg-item\">        <a class=\"bwg-a  bwg_lightbox\"  data-image-id=\"4\" href=\"https:\/\/viaetica.org\/wp-content\/uploads\/photo-gallery\/imported_from_media_libray\/WhatsApp-Image-2022-10-11-at-18.09.03-2.jpeg?bwg=1667052778\" data-elementor-open-lightbox=\"no\">                <div class=\"bwg-item0 \">          <div class=\"bwg-item1 \">            <div class=\"bwg-item2\">              <img decoding=\"async\" class=\"skip-lazy bwg_standart_thumb_img_0 \"                   data-id=\"4\"                   data-width=\"500.00\"                   data-height=\"332.00\"                   data-src=\"https:\/\/viaetica.org\/wp-content\/uploads\/photo-gallery\/imported_from_media_libray\/thumb\/WhatsApp-Image-2022-10-11-at-18.09.03-2.jpeg?bwg=1667052778\"                   src=\"https:\/\/viaetica.org\/wp-content\/uploads\/photo-gallery\/imported_from_media_libray\/thumb\/WhatsApp-Image-2022-10-11-at-18.09.03-2.jpeg?bwg=1667052778\"                   alt=\"WhatsApp Image 2022-10-11 at 18.09.03\"                   title=\"WhatsApp Image 2022-10-11 at 18.09.03\" \/>            <\/div>            <div class=\"\">                                                      <\/div>          <\/div>        <\/div>                        <\/a>              <\/div>            <div class=\"bwg-item\">        <a class=\"bwg-a  bwg_lightbox\"  data-image-id=\"5\" href=\"https:\/\/viaetica.org\/wp-content\/uploads\/photo-gallery\/imported_from_media_libray\/WhatsApp-Image-2022-10-11-at-18.09.02-2.jpeg?bwg=1667052778\" data-elementor-open-lightbox=\"no\">                <div class=\"bwg-item0 \">          <div class=\"bwg-item1 \">            <div class=\"bwg-item2\">              <img decoding=\"async\" class=\"skip-lazy bwg_standart_thumb_img_0 \"                   data-id=\"5\"                   data-width=\"500.00\"                   data-height=\"332.00\"                   data-src=\"https:\/\/viaetica.org\/wp-content\/uploads\/photo-gallery\/imported_from_media_libray\/thumb\/WhatsApp-Image-2022-10-11-at-18.09.02-2.jpeg?bwg=1667052778\"                   src=\"https:\/\/viaetica.org\/wp-content\/uploads\/photo-gallery\/imported_from_media_libray\/thumb\/WhatsApp-Image-2022-10-11-at-18.09.02-2.jpeg?bwg=1667052778\"                   alt=\"WhatsApp Image 2022-10-11 at 18.09.02\"                   title=\"WhatsApp Image 2022-10-11 at 18.09.02\" \/>            <\/div>            <div class=\"\">                                                      <\/div>          <\/div>        <\/div>                        <\/a>              <\/div>            <div class=\"bwg-item\">        <a class=\"bwg-a  bwg_lightbox\"  data-image-id=\"6\" href=\"https:\/\/viaetica.org\/wp-content\/uploads\/photo-gallery\/imported_from_media_libray\/WhatsApp-Image-2022-10-11-at-17.34.01-1-1.jpeg?bwg=1667052778\" data-elementor-open-lightbox=\"no\">                <div class=\"bwg-item0 \">          <div class=\"bwg-item1 \">            <div class=\"bwg-item2\">              <img decoding=\"async\" class=\"skip-lazy bwg_standart_thumb_img_0 \"                   data-id=\"6\"                   data-width=\"468.00\"                   data-height=\"500.00\"                   data-src=\"https:\/\/viaetica.org\/wp-content\/uploads\/photo-gallery\/imported_from_media_libray\/thumb\/WhatsApp-Image-2022-10-11-at-17.34.01-1-1.jpeg?bwg=1667052778\"                   src=\"https:\/\/viaetica.org\/wp-content\/uploads\/photo-gallery\/imported_from_media_libray\/thumb\/WhatsApp-Image-2022-10-11-at-17.34.01-1-1.jpeg?bwg=1667052778\"                   alt=\"WhatsApp Image 2022-10-11 at 17.34.01 (1)\"                   title=\"WhatsApp Image 2022-10-11 at 17.34.01 (1)\" \/>            <\/div>            <div class=\"\">                                                      <\/div>          <\/div>        <\/div>                        <\/a>              <\/div>          <\/div>    <style>      \/*pagination styles*\/      #bwg_container1_0 #bwg_container2_0 .tablenav-pages_0 {\t\t\t\ttext-align: center;\t\t\t\tfont-size: 12px;\t\t\t\tfont-family: Ubuntu;\t\t\t\tfont-weight: bold;\t\t\t\tcolor: #666666;\t\t\t\tmargin: 6px 0 4px;\t\t\t\tdisplay: block;      }      @media only screen and (max-width : 320px) {      #bwg_container1_0 #bwg_container2_0 .displaying-num_0 {     \t display: none;      }      }      #bwg_container1_0 #bwg_container2_0 .displaying-num_0 {\t\t\t\tfont-size: 12px;\t\t\t\tfont-family: Ubuntu;\t\t\t\tfont-weight: bold;\t\t\t\tcolor: #666666;\t\t\t\tmargin-right: 10px;\t\t\t\tvertical-align: middle;      }      #bwg_container1_0 #bwg_container2_0 .paging-input_0 {\t\t\t\tfont-size: 12px;\t\t\t\tfont-family: Ubuntu;\t\t\t\tfont-weight: bold;\t\t\t\tcolor: #666666;\t\t\t\tvertical-align: middle;      }      #bwg_container1_0 #bwg_container2_0 .tablenav-pages_0 a.disabled,      #bwg_container1_0 #bwg_container2_0 .tablenav-pages_0 a.disabled:hover,      #bwg_container1_0 #bwg_container2_0 .tablenav-pages_0 a.disabled:focus,\t\t\t#bwg_container1_0 #bwg_container2_0 .tablenav-pages_0 input.bwg_current_page {\t\t\t\tcursor: default;\t\t\t\tcolor: rgba(102, 102, 102, 0.5);      }      #bwg_container1_0 #bwg_container2_0 .tablenav-pages_0 a,      #bwg_container1_0 #bwg_container2_0 .tablenav-pages_0 input.bwg_current_page {\t\t\t\tcursor: pointer;\t\t\t\ttext-align: center;\t\t\t\tfont-size: 12px;\t\t\t\tfont-family: Ubuntu;\t\t\t\tfont-weight: bold;\t\t\t\tcolor: #666666;\t\t\t\ttext-decoration: none;\t\t\t\tpadding: 3px 6px;\t\t\t\tmargin: 0;\t\t\t\tborder-radius: 0;\t\t\t\tborder-style: solid;\t\t\t\tborder-width: 1px;\t\t\t\tborder-color: #E3E3E3;\t\t\t\t\t\t\t\tbackground-color: rgba(255, 255, 255, 1.00);\t\t\t\tbox-shadow: 0;\t\t\t\ttransition: all 0.3s ease 0s;-webkit-transition: all 0.3s ease 0s;      }      <\/style>      <span class=\"bwg_nav_cont_0\">              <div class=\"tablenav-pages_0\">                  <\/div>                <input type=\"hidden\" id=\"page_number_0\" name=\"page_number_0\" value=\"1\" \/>      <script type=\"text\/javascript\">        if( jQuery('.bwg_nav_cont_0').length > 1 ) {          jQuery('.bwg_nav_cont_0').first().remove()        }        function spider_page_0(cur, x, y, load_more) {          if (typeof load_more == \"undefined\") {            var load_more = false;          }          if (jQuery(cur).hasClass('disabled')) {            return false;          }          var items_county_0 = 1;          switch (y) {            case 1:              if (x >= items_county_0) {                document.getElementById('page_number_0').value = items_county_0;              }              else {                document.getElementById('page_number_0').value = x + 1;              }              break;            case 2:              document.getElementById('page_number_0').value = items_county_0;              break;            case -1:              if (x == 1) {                document.getElementById('page_number_0').value = 1;              }              else {                document.getElementById('page_number_0').value = x - 1;              }              break;            case -2:              document.getElementById('page_number_0').value = 1;              break;\t\t\t\t\t\tcase 0:              document.getElementById('page_number_0').value = x;              break;            default:              document.getElementById('page_number_0').value = 1;          }          bwg_ajax('gal_front_form_0', '0', 'bwg_thumbnails_0', '0', '', 'gallery', 0, '', '', load_more, '', 1);        }                    jQuery('.first-page-0').on('click', function () {              spider_page_0(this, 1, -2, 'numeric');              return false;            });            jQuery('.prev-page-0').on('click', function () {              spider_page_0(this, 1, -1, 'numeric');              return false;            });            jQuery('.next-page-0').on('click', function () {              spider_page_0(this, 1, 1, 'numeric');              return false;            });            jQuery('.last-page-0').on('click', function () {              spider_page_0(this, 1, 2, 'numeric');              return false;            });        \t\t\t\t\/* Change page on input enter. *\/        function bwg_change_page_0( e, that ) {          if (  e.key == 'Enter' ) {            var to_page = parseInt(jQuery(that).val());            var pages_count = jQuery(that).parents(\".pagination-links\").data(\"pages-count\");            var current_url_param = jQuery(that).attr('data-url-info');            if (to_page > pages_count) {              to_page = 1;            }\t \t\t\t\t\t\t\t\t\t\t\t\tspider_page_0(this, to_page, 0, 'numeric');\t\t\t\t\t\t\treturn false;\t\t\t\t\t\t          }          return true;        }        jQuery('.bwg_load_btn_0').on('click', function () {            spider_page_0(this, 1, 1, true);            return false;        });      <\/script>      <\/span>                <\/div>        <\/form>        <style>          #bwg_container1_0 #bwg_container2_0 #spider_popup_overlay_0 {          background-color: #EEEEEE;          opacity: 0.60;          }          <\/style>        <div id=\"bwg_spider_popup_loading_0\" class=\"bwg_spider_popup_loading\"><\/div>        <div id=\"spider_popup_overlay_0\" class=\"spider_popup_overlay\" onclick=\"spider_destroypopup(1000)\"><\/div>        <input type=\"hidden\" id=\"bwg_random_seed_0\" value=\"455462624\">                <\/div>    <\/div>    <script>      if (document.readyState === 'complete') {        if( typeof bwg_main_ready == 'function' ) {          if ( jQuery(\"#bwg_container1_0\").height() ) {            bwg_main_ready(jQuery(\"#bwg_container1_0\"));          }        }      } else {        document.addEventListener('DOMContentLoaded', function() {          if( typeof bwg_main_ready == 'function' ) {            if ( jQuery(\"#bwg_container1_0\").height() ) {             bwg_main_ready(jQuery(\"#bwg_container1_0\"));            }          }        });      }    <\/script>    \n","protected":false},"excerpt":{"rendered":"<p>[vc_row][vc_column][vc_column_text]VIA ETICA collabora ORGOGLIOSAMENTE fin dalla sua fondazione con il GRUPPO CIMPUNDA DEL LICEO SCIENTIFICO \u201cN. COPERNICO\u201c di Brescia. CIMPUNDA \u00e8 un gruppo fondato nel 2010 e composto da alunni e insegnanti del LICEO COPERNICO di Brescia, il cui scopo \u00e8 promuovere e organizzare attivit\u00e0 di volontariato in ambito scolastico e proporre ai ragazzi la [&hellip;]<\/p>\n","protected":false},"author":3,"featured_media":0,"parent":0,"menu_order":0,"comment_status":"closed","ping_status":"closed","template":"","meta":{"give_campaign_id":0,"footnotes":""},"class_list":["post-1874","page","type-page","status-publish","hentry"],"campaignId":"","jetpack_sharing_enabled":true,"_links":{"self":[{"href":"https:\/\/viaetica.org\/index.php\/wp-json\/wp\/v2\/pages\/1874","targetHints":{"allow":["GET"]}}],"collection":[{"href":"https:\/\/viaetica.org\/index.php\/wp-json\/wp\/v2\/pages"}],"about":[{"href":"https:\/\/viaetica.org\/index.php\/wp-json\/wp\/v2\/types\/page"}],"author":[{"embeddable":true,"href":"https:\/\/viaetica.org\/index.php\/wp-json\/wp\/v2\/users\/3"}],"replies":[{"embeddable":true,"href":"https:\/\/viaetica.org\/index.php\/wp-json\/wp\/v2\/comments?post=1874"}],"version-history":[{"count":9,"href":"https:\/\/viaetica.org\/index.php\/wp-json\/wp\/v2\/pages\/1874\/revisions"}],"predecessor-version":[{"id":1968,"href":"https:\/\/viaetica.org\/index.php\/wp-json\/wp\/v2\/pages\/1874\/revisions\/1968"}],"wp:attachment":[{"href":"https:\/\/viaetica.org\/index.php\/wp-json\/wp\/v2\/media?parent=1874"}],"curies":[{"name":"wp","href":"https:\/\/api.w.org\/{rel}","templated":true}]}}