{"id":12,"date":"2017-04-10T13:03:44","date_gmt":"2017-04-10T13:03:44","guid":{"rendered":"http:\/\/www.nicdarkthemes.com\/themes\/charity\/wp\/demo\/charity\/?page_id=12"},"modified":"2017-04-10T13:03:44","modified_gmt":"2017-04-10T13:03:44","slug":"blog","status":"publish","type":"page","link":"https:\/\/viaetica.org\/index.php\/blog\/","title":{"rendered":"Blog"},"content":{"rendered":"<p>[vc_row][vc_column css=&#8221;.vc_custom_1492006907544{padding-right: 0px !important;padding-left: 0px !important;}&#8221;]<!--START MASONRY--><div class=\"nd_options_section nd_options_masonry_content  \">\n\n\t<div class=\" nd_options_postgrid_posts_layout_8 nd_options_width_33_percentage nd_options_float_left nd_options_postgrid_posts_layout_8_4156  nd_options_padding_15 nd_options_box_sizing_border_box nd_options_masonry_item nd_options_width_100_percentage_responsive\">\n\t\t<div class=\"nd_options_section nd_options_border_1_solid_grey\">\n\t\t    <div class=\"nd_options_section nd_options_padding_40 nd_options_box_sizing_border_box\">\n\t\t        <h3 class=\"nd_options_postgrid_posts_title\"><a class=\"nd_options_first_font nd_options_color_greydark\" href=\"https:\/\/viaetica.org\/index.php\/2026\/05\/01\/how-to-enjoy-a-safe-and-responsible-betting-experience-at-betfouru\/\">How to Enjoy a Safe and Responsible Betting Experience at Betfouru<\/a><\/h3>\n\t\t        <div class=\"nd_options_section nd_options_height_10\"><\/div>\n\t\t        <p class=\"nd_options_postgrid_posts_description\"><a href=\"https:\/\/viaetica.org\/index.php\/2026\/05\/01\/how-to-enjoy-a-safe-and-responsible-betting-experience-at-betfouru\/\">This article will cover essential practices to ensure a safe and responsible betting experience at Betfouru. We will explore strategies for setting limits, recognizing signs of problem gambling, and understanding the importance of choosing a reputable platform. Moreover, we will provide insights into utilizing the betfouru casino bonus effectively and finding resources for assistance if [&hellip;]<\/a><\/p>\n\t\t        <div class=\"nd_options_section nd_options_height_10\"><\/div>\n\t\t        <a style=\"color:#000\" class=\"nd_options_postgrid_posts_button nd_options_display_inline_block nd_options_first_font nd_options_font_size_13\" href=\"https:\/\/viaetica.org\/index.php\/2026\/05\/01\/how-to-enjoy-a-safe-and-responsible-betting-experience-at-betfouru\/\"><strong>Continua a leggere<\/strong><\/a>\n\t\t    <\/div>    \n\t\t<\/div>\n\t<\/div>\n\n\n\n\n\n\n\n  \n\n\t<div class=\" nd_options_postgrid_posts_layout_8 nd_options_width_33_percentage nd_options_float_left nd_options_postgrid_posts_layout_8_4152  nd_options_padding_15 nd_options_box_sizing_border_box nd_options_masonry_item nd_options_width_100_percentage_responsive\">\n\t\t<div class=\"nd_options_section nd_options_border_1_solid_grey\">\n\t\t    <div class=\"nd_options_section nd_options_padding_40 nd_options_box_sizing_border_box\">\n\t\t        <h3 class=\"nd_options_postgrid_posts_title\"><a class=\"nd_options_first_font nd_options_color_greydark\" href=\"https:\/\/viaetica.org\/index.php\/2026\/04\/30\/ein-leitfaden-f-r-anf-nger-so-starten-sie-im-playbet-casino\/\">Ein Leitfaden f\u00fcr Anf\u00e4nger: So starten Sie im Playbet Casino<\/a><\/h3>\n\t\t        <div class=\"nd_options_section nd_options_height_10\"><\/div>\n\t\t        <p class=\"nd_options_postgrid_posts_description\"><a href=\"https:\/\/viaetica.org\/index.php\/2026\/04\/30\/ein-leitfaden-f-r-anf-nger-so-starten-sie-im-playbet-casino\/\">In diesem Artikel erfahren Sie, wie Sie erfolgreich im playbet Casino starten k\u00f6nnen. Wir werden die wichtigsten Schritte zum Registrieren, die verschiedenen Spiele, die Bonusangebote und wertvolle Tipps zur Spielstrategie erkunden. Au\u00dferdem teilen wir authentische Spielerfahrungen, die Ihnen helfen werden, Ihre ersten Schritte im Playbet Casino zu meistern. Wie registriere ich mich im Playbet Casino? [&hellip;]<\/a><\/p>\n\t\t        <div class=\"nd_options_section nd_options_height_10\"><\/div>\n\t\t        <a style=\"color:#000\" class=\"nd_options_postgrid_posts_button nd_options_display_inline_block nd_options_first_font nd_options_font_size_13\" href=\"https:\/\/viaetica.org\/index.php\/2026\/04\/30\/ein-leitfaden-f-r-anf-nger-so-starten-sie-im-playbet-casino\/\"><strong>Continua a leggere<\/strong><\/a>\n\t\t    <\/div>    \n\t\t<\/div>\n\t<\/div>\n\n\n\n\n\n\n\n  \n\n\t<div class=\" nd_options_postgrid_posts_layout_8 nd_options_width_33_percentage nd_options_float_left nd_options_postgrid_posts_layout_8_4154  nd_options_padding_15 nd_options_box_sizing_border_box nd_options_masonry_item nd_options_width_100_percentage_responsive\">\n\t\t<div class=\"nd_options_section nd_options_border_1_solid_grey\">\n\t\t    <div class=\"nd_options_section nd_options_padding_40 nd_options_box_sizing_border_box\">\n\t\t        <h3 class=\"nd_options_postgrid_posts_title\"><a class=\"nd_options_first_font nd_options_color_greydark\" href=\"https:\/\/viaetica.org\/index.php\/2026\/04\/30\/jak-wykorzysta-xon-bet-casino-bonus-aby-zwi-kszy-swoje-wygrane\/\">Jak wykorzysta\u0107 xon bet casino bonus, aby zwi\u0119kszy\u0107 swoje wygrane?<\/a><\/h3>\n\t\t        <div class=\"nd_options_section nd_options_height_10\"><\/div>\n\t\t        <p class=\"nd_options_postgrid_posts_description\"><a href=\"https:\/\/viaetica.org\/index.php\/2026\/04\/30\/jak-wykorzysta-xon-bet-casino-bonus-aby-zwi-kszy-swoje-wygrane\/\">Jak wykorzysta\u0107 xon bet casino bonus, aby zwi\u0119kszy\u0107 swoje wygrane? W artykule om\u00f3wimy, jak skutecznie wykorzysta\u0107 xon bet casino bonus, aby zwi\u0119kszy\u0107 swoje szanse na wygran\u0105. Dowiesz si\u0119, jakie strategie mo\u017cna zastosowa\u0107, aby maksymalnie wykorzysta\u0107 dost\u0119pne promocje, w tym bonusy bez depozytu. Przedstawimy praktyczne przyk\u0142ady, kt\u00f3re pomog\u0105 Ci lepiej zrozumie\u0107, jak dzia\u0142aj\u0105 te oferty i [&hellip;]<\/a><\/p>\n\t\t        <div class=\"nd_options_section nd_options_height_10\"><\/div>\n\t\t        <a style=\"color:#000\" class=\"nd_options_postgrid_posts_button nd_options_display_inline_block nd_options_first_font nd_options_font_size_13\" href=\"https:\/\/viaetica.org\/index.php\/2026\/04\/30\/jak-wykorzysta-xon-bet-casino-bonus-aby-zwi-kszy-swoje-wygrane\/\"><strong>Continua a leggere<\/strong><\/a>\n\t\t    <\/div>    \n\t\t<\/div>\n\t<\/div>\n\n\n\n\n\n\n\n  <\/div><!--CLOSE MASONRY--><!--START MASONRY--><div class=\"nd_options_section nd_options_masonry_content  \">\n\n\t<div class=\" nd_options_postgrid_posts_layout_8 nd_options_width_33_percentage nd_options_float_left nd_options_postgrid_posts_layout_8_3415  nd_options_padding_15 nd_options_box_sizing_border_box nd_options_masonry_item nd_options_width_100_percentage_responsive\">\n\t\t<div class=\"nd_options_section nd_options_border_1_solid_grey\">\n\t\t    <div class=\"nd_options_section nd_options_padding_40 nd_options_box_sizing_border_box\">\n\t\t        <h3 class=\"nd_options_postgrid_posts_title\"><a class=\"nd_options_first_font nd_options_color_greydark\" href=\"https:\/\/viaetica.org\/index.php\/2015\/02\/23\/hogyan-lphetsz-be-a-sportaza-casino-vilgba\/\">Hogyan l&eacute;phetsz be a Sportaza Casino vil&aacute;g&aacute;ba?<\/a><\/h3>\n\t\t        <div class=\"nd_options_section nd_options_height_10\"><\/div>\n\t\t        <p class=\"nd_options_postgrid_posts_description\"><a href=\"https:\/\/viaetica.org\/index.php\/2015\/02\/23\/hogyan-lphetsz-be-a-sportaza-casino-vilgba\/\">A Sportaza Casino egy vonz\u00f3 c\u00e9lpont a j\u00e1t\u00e9kosok sz\u00e1m\u00e1ra, akik az online kaszin\u00f3k izgalmas vil\u00e1g\u00e1ba szeretn\u00e9nek bel\u00e9pni. Ebben a cikkben \u00fatmutat\u00e1st ny\u00fajtunk a bel\u00e9p\u00e9si folyamatr\u00f3l \u00e9s megismertetj\u00fck a Sportaza k\u00fcl\u00f6nf\u00e9le funkci\u00f3it \u00e9s lehet\u0151s\u00e9geit. A Sportaza bel\u00e9p\u00e9s l\u00e9p\u00e9sr\u0151l l\u00e9p\u00e9sre A Sportaza Casinohoz val\u00f3 csatlakoz\u00e1s egyszer\u0171 \u00e9s gyors. El\u0151sz\u00f6r is, l\u00e1togasd meg a Sportaza hivatalos weboldal\u00e1t. A [&hellip;]<\/a><\/p>\n\t\t        <div class=\"nd_options_section nd_options_height_10\"><\/div>\n\t\t        <a style=\"color:#000\" class=\"nd_options_postgrid_posts_button nd_options_display_inline_block nd_options_first_font nd_options_font_size_13\" href=\"https:\/\/viaetica.org\/index.php\/2015\/02\/23\/hogyan-lphetsz-be-a-sportaza-casino-vilgba\/\"><strong>Continua a leggere<\/strong><\/a>\n\t\t    <\/div>    \n\t\t<\/div>\n\t<\/div>\n\n\n\n\n\n\n\n  \n\n\t<div class=\" nd_options_postgrid_posts_layout_8 nd_options_width_33_percentage nd_options_float_left nd_options_postgrid_posts_layout_8_3205  nd_options_padding_15 nd_options_box_sizing_border_box nd_options_masonry_item nd_options_width_100_percentage_responsive\">\n\t\t<div class=\"nd_options_section nd_options_border_1_solid_grey\">\n\t\t    <div class=\"nd_options_section nd_options_padding_40 nd_options_box_sizing_border_box\">\n\t\t        <h3 class=\"nd_options_postgrid_posts_title\"><a class=\"nd_options_first_font nd_options_color_greydark\" href=\"https:\/\/viaetica.org\/index.php\/2015\/05\/11\/cmo-maximizar-tu-experiencia-con-1xbet-consejos-prcticos\/\">C&oacute;mo Maximizar Tu Experiencia con 1xbet: Consejos Pr&aacute;cticos<\/a><\/h3>\n\t\t        <div class=\"nd_options_section nd_options_height_10\"><\/div>\n\t\t        <p class=\"nd_options_postgrid_posts_description\"><a href=\"https:\/\/viaetica.org\/index.php\/2015\/05\/11\/cmo-maximizar-tu-experiencia-con-1xbet-consejos-prcticos\/\">En el mundo de las apuestas online, 1xbet se ha consolidado como una opci\u00f3n s\u00f3lida para muchos aficionados. Sin embargo, m\u00e1s all\u00e1 de hacer una simple apuesta, existen diversas formas de maximizar tu experiencia en esta plataforma. A trav\u00e9s de este art\u00edculo, exploraremos algunos consejos \u00fatiles para que saques el m\u00e1ximo provecho de tus actividades [&hellip;]<\/a><\/p>\n\t\t        <div class=\"nd_options_section nd_options_height_10\"><\/div>\n\t\t        <a style=\"color:#000\" class=\"nd_options_postgrid_posts_button nd_options_display_inline_block nd_options_first_font nd_options_font_size_13\" href=\"https:\/\/viaetica.org\/index.php\/2015\/05\/11\/cmo-maximizar-tu-experiencia-con-1xbet-consejos-prcticos\/\"><strong>Continua a leggere<\/strong><\/a>\n\t\t    <\/div>    \n\t\t<\/div>\n\t<\/div>\n\n\n\n\n\n\n\n  \n\n\t<div class=\" nd_options_postgrid_posts_layout_8 nd_options_width_33_percentage nd_options_float_left nd_options_postgrid_posts_layout_8_3239  nd_options_padding_15 nd_options_box_sizing_border_box nd_options_masonry_item nd_options_width_100_percentage_responsive\">\n\t\t<div class=\"nd_options_section nd_options_border_1_solid_grey\">\n\t\t    <div class=\"nd_options_section nd_options_padding_40 nd_options_box_sizing_border_box\">\n\t\t        <h3 class=\"nd_options_postgrid_posts_title\"><a class=\"nd_options_first_font nd_options_color_greydark\" href=\"https:\/\/viaetica.org\/index.php\/2015\/05\/12\/die-vielseitigkeit-von-powbet-mehr-als-nur-ein-casino-erlebnis\/\">Die Vielseitigkeit von Powbet: Mehr als nur ein Casino-Erlebnis<\/a><\/h3>\n\t\t        <div class=\"nd_options_section nd_options_height_10\"><\/div>\n\t\t        <p class=\"nd_options_postgrid_posts_description\"><a href=\"https:\/\/viaetica.org\/index.php\/2015\/05\/12\/die-vielseitigkeit-von-powbet-mehr-als-nur-ein-casino-erlebnis\/\">In der dynamischen Welt der Online-Casinos hebt sich Powbet casino als eine der Plattformen hervor, die ein breitgef\u00e4chertes und vielseitiges Spielerlebnis bietet. F\u00fcr viele Enthusiasten ist Powbet nicht nur ein gew\u00f6hnliches Casino, sondern ein Ort, an dem Wettspiele und Casinounterhaltung in harmonischer Weise zusammenkommen. Ein nahtloser \u00dcbergang: Die St\u00e4rke von Powbet Ein wesentlicher Aspekt, der [&hellip;]<\/a><\/p>\n\t\t        <div class=\"nd_options_section nd_options_height_10\"><\/div>\n\t\t        <a style=\"color:#000\" class=\"nd_options_postgrid_posts_button nd_options_display_inline_block nd_options_first_font nd_options_font_size_13\" href=\"https:\/\/viaetica.org\/index.php\/2015\/05\/12\/die-vielseitigkeit-von-powbet-mehr-als-nur-ein-casino-erlebnis\/\"><strong>Continua a leggere<\/strong><\/a>\n\t\t    <\/div>    \n\t\t<\/div>\n\t<\/div>\n\n\n\n\n\n\n\n  <\/div><!--CLOSE MASONRY-->[\/vc_column][\/vc_row]<\/p>\n","protected":false},"excerpt":{"rendered":"<p>[vc_row][vc_column css=&#8221;.vc_custom_1492006907544{padding-right: 0px !important;padding-left: 0px !important;}&#8221;][\/vc_column][\/vc_row]<\/p>\n","protected":false},"author":3,"featured_media":0,"parent":0,"menu_order":0,"comment_status":"closed","ping_status":"closed","template":"","meta":{"give_campaign_id":0,"footnotes":""},"class_list":["post-12","page","type-page","status-publish","hentry"],"campaignId":"","jetpack_sharing_enabled":true,"_links":{"self":[{"href":"https:\/\/viaetica.org\/index.php\/wp-json\/wp\/v2\/pages\/12","targetHints":{"allow":["GET"]}}],"collection":[{"href":"https:\/\/viaetica.org\/index.php\/wp-json\/wp\/v2\/pages"}],"about":[{"href":"https:\/\/viaetica.org\/index.php\/wp-json\/wp\/v2\/types\/page"}],"author":[{"embeddable":true,"href":"https:\/\/viaetica.org\/index.php\/wp-json\/wp\/v2\/users\/3"}],"replies":[{"embeddable":true,"href":"https:\/\/viaetica.org\/index.php\/wp-json\/wp\/v2\/comments?post=12"}],"version-history":[{"count":0,"href":"https:\/\/viaetica.org\/index.php\/wp-json\/wp\/v2\/pages\/12\/revisions"}],"wp:attachment":[{"href":"https:\/\/viaetica.org\/index.php\/wp-json\/wp\/v2\/media?parent=12"}],"curies":[{"name":"wp","href":"https:\/\/api.w.org\/{rel}","templated":true}]}}